{"id":143,"date":"2017-08-20T17:36:22","date_gmt":"2017-08-20T15:36:22","guid":{"rendered":"http:\/\/levayer.avocat.fr\/?page_id=143"},"modified":"2024-08-06T16:46:29","modified_gmt":"2024-08-06T14:46:29","slug":"mentions-legales","status":"publish","type":"page","link":"http:\/\/levayer.avocat.fr\/index.php\/mentions-legales\/","title":{"rendered":"Mentions l\u00e9gales"},"content":{"rendered":"<p>Informations relatives au cabinet d&rsquo;Avocat qui publie ce site: Barbara LEVAYER<\/p>\n<p>Barbara LEVAYER &#8211; Barreau des Hautes Alpes<\/p>\n<p>Si\u00e8ge social : 32 rue CARNOT 05000 GAP &#8211; France<br \/>\nEmail : barbara.levayer@gmail.com<br \/>\nT\u00e9l\u00e9phone : 06 77 09 60 43<\/p>\n<p>N\u00b0 Siret : 79980486900045<\/p>\n<p>H\u00e9bergeur du site: OVH ayant son si\u00e8ge social sis <span class=\"_Xbe\">2 Rue Kellermann, 59100 Roubaix &#8211; <span class=\"_Xbe _ZWk kno-fv\"><a class=\"fl r-i_RK3LCmLcnk\" title=\"Appeler avec Hangouts\" data-number=\"+33972101007\" data-pstn-out-call-url=\"\" data-rtid=\"i_RK3LCmLcnk\" data-ved=\"0ahUKEwjk7M_fjrnWAhWLYVAKHYVNB2EQkAgIogEoADAR\">09 72 10 10 07<\/a><\/span><\/span><\/p>\n<ul>\n<li>Ce site internet est prot\u00e9g\u00e9 par des Droits de propri\u00e9t\u00e9 intellectuelle\u00a0:<\/li>\n<\/ul>\n<p>Le pr\u00e9sent site Web est la propri\u00e9t\u00e9 exclusive du cabinet Barbara LEVAYER, toute reproduction ou modification, totale ou m\u00eame partielle, faite sans le consentement \u00e9crit de son titulaire est illicite et constituerait une contrefa\u00e7on sanctionn\u00e9e par les articles du Code de la Propri\u00e9t\u00e9 Intellectuelle, sauf exceptions l\u00e9gales et autorisation pr\u00e9alable et \u00e9crite du Cabinet Barbara LEVAYER.<\/p>\n<p>Le Cabinet Barbara LEVAYER accorde \u00e0 tout utilisateur un droit personnel, non exclusif et non cessible d\u2019utiliser le site.<\/p>\n<p>Ce droit n\u2019entra\u00eene aucune cession de droits de Propri\u00e9t\u00e9 Intellectuelle de quelque nature que ce soit.<\/p>\n<p>Il est rappel\u00e9 \u00e0 l\u2019utilisateur que les articles pr\u00e9sents sur le site internet sont prot\u00e9g\u00e9s par des droits d\u2019auteurs dont les pr\u00e9sentes dispositions n\u2019emportent aucune cession.<\/p>\n<p>Les signes distinctifs du Cabinet Barbara LEVAYER tels que le nom de domaine, la d\u00e9nomination et le logo figurant sur le site sont prot\u00e9g\u00e9s par le Code de la Propri\u00e9t\u00e9 Intellectuelle.<\/p>\n<p>Toute reproduction totale ou partielle de ces signes distinctifs effectu\u00e9e \u00e0 partir des \u00e9l\u00e9ments du site sans l\u2019autorisation expresse du Cabinet Barbara LEVAYER est donc prohib\u00e9e.<\/p>\n<p>Il en est de m\u00eame pour la traduction, l&rsquo;adaptation, l&rsquo;arrangement par quelque proc\u00e9d\u00e9 que ce soit. (Loi 57298 du 11 mars 1957)<\/p>\n<ul>\n<li>Le cabinet Barbara LEVAYER\u00a0 partage ses d\u00e9couvertes esth\u00e9tiques.<\/li>\n<\/ul>\n<p>Les avis et opinions de l\u2019artiste sont sans lien avec le choix de vous faire partager une cr\u00e9ation artistique.<\/p>\n<p>Ces d\u00e9couvertes d\u2019\u0153uvres ou d&rsquo;artistes ne r\u00e9sulte aucunement d&rsquo;opinion politique, religieux ou autre mais purement\u00a0 d&rsquo;un choix esth\u00e9tique.<\/p>\n<ul>\n<li>Conform\u00e9ment \u00e0 la\u00a0loi \u00ab informatique et libert\u00e9s \u00bb du 6 janvier 1978 modifi\u00e9e, vous disposez d\u2019un\u00a0droit d\u2019acc\u00e8s\u00a0et\u00a0de rectification concernant vos informations.<\/li>\n<\/ul>\n<p>Vous pouvez acc\u00e9der aux informations vous concernant en vous adressant \u00e0 : Barbara LEVAYER\u00a0 -32 rue CARNOT 05000 GAP<\/p>\n<p>Vous pouvez \u00e9galement, pour des motifs l\u00e9gitimes,\u00a0vous opposer\u00a0au traitement des\u00a0 donn\u00e9es vous concernant notamment en vous adressant \u00e0 la <a href=\"https:\/\/www.cnil.fr\/\">CNIL<\/a>.<\/p>\n<p>Les donn\u00e9es personnelles recueillies font l&rsquo;objet d&rsquo;un traitement informatique destin\u00e9 \u00e0 r\u00e9pondre aux demandes des internautes et plus g\u00e9n\u00e9ralement \u00e0 des fins de gestion administratives. Par respect du secret professionnel toute information est uniquement \u00e0 destination de l&rsquo;avocat et de son personnel habilit\u00e9.<\/p>\n<p>Barbara LEVAYER est responsable de la gestion des donn\u00e9es personnelles r\u00e9colt\u00e9es.<\/p>\n<ul>\n<li>Barbara LEVAYER exerce la profession d&rsquo;avocat, qui est notamment r\u00e9gie par la\u00a0<a href=\"http:\/\/www.legifrance.gouv.fr\/affichTexte.do?cidTexte=JORFTEXT000000718250&amp;dateTexte=vig\">loi n\u00b0 90-1259 du 31 d\u00e9cembre 1990<\/a>, modifiant la\u00a0<a href=\"http:\/\/www.legifrance.gouv.fr\/affichTexte.do?cidTexte=JORFTEXT000000508793&amp;dateTexte=vig\">loi n\u00b0 71-1130 du 31 d\u00e9cembre 1971<\/a>, et par son\u00a0<a href=\"http:\/\/www.legifrance.gouv.fr\/affichTexte.do?cidTexte=JORFTEXT000000356568&amp;dateTexte=vig\">d\u00e9cret d&rsquo;application n\u00b091-1197 du 27 novembre 1991<\/a>.<\/li>\n<\/ul>\n<p>Le\u00a0<a href=\"http:\/\/cnb.avocat.fr\/Reglement-Interieur-National-de-la-profession-d-avocat-RIN_a281.html\">R\u00e8glement Int\u00e9rieur National<\/a>\u00a0(RIN),\u00a0 pr\u00e9voit des r\u00e8gles d\u00e9ontologiques pour tous \u00a0les avocats exer\u00e7ant en France au m\u00eame titre que le\u00a0<a href=\"http:\/\/www.legifrance.gouv.fr\/affichTexte.do?cidTexte=JORFTEXT000000633327&amp;dateTexte=vig\">d\u00e9cret n\u00b02005-790 du 12 Juillet 2005<\/a>\u00a0portant sur les r\u00e8gles d\u00e9ontologiques applicables aux avocats.<\/p>\n<p><strong>\u00a0<\/strong><\/p>\n","protected":false},"excerpt":{"rendered":"<p>Informations relatives au cabinet d&rsquo;Avocat qui publie ce site: Barbara LEVAYER Barbara LEVAYER &#8211; Barreau des Hautes Alpes Si\u00e8ge social : 32 rue CARNOT 05000 GAP &#8211; France Email : [&hellip;]<\/p>\n","protected":false},"author":1,"featured_media":0,"parent":0,"menu_order":0,"comment_status":"closed","ping_status":"closed","template":"","meta":{"footnotes":""},"_links":{"self":[{"href":"http:\/\/levayer.avocat.fr\/index.php\/wp-json\/wp\/v2\/pages\/143"}],"collection":[{"href":"http:\/\/levayer.avocat.fr\/index.php\/wp-json\/wp\/v2\/pages"}],"about":[{"href":"http:\/\/levayer.avocat.fr\/index.php\/wp-json\/wp\/v2\/types\/page"}],"author":[{"embeddable":true,"href":"http:\/\/levayer.avocat.fr\/index.php\/wp-json\/wp\/v2\/users\/1"}],"replies":[{"embeddable":true,"href":"http:\/\/levayer.avocat.fr\/index.php\/wp-json\/wp\/v2\/comments?post=143"}],"version-history":[{"count":8,"href":"http:\/\/levayer.avocat.fr\/index.php\/wp-json\/wp\/v2\/pages\/143\/revisions"}],"predecessor-version":[{"id":524,"href":"http:\/\/levayer.avocat.fr\/index.php\/wp-json\/wp\/v2\/pages\/143\/revisions\/524"}],"wp:attachment":[{"href":"http:\/\/levayer.avocat.fr\/index.php\/wp-json\/wp\/v2\/media?parent=143"}],"curies":[{"name":"wp","href":"https:\/\/api.w.org\/{rel}","templated":true}]}}