{"id":145,"date":"2017-08-20T17:36:22","date_gmt":"2017-08-20T15:36:22","guid":{"rendered":"http:\/\/levayer.avocat.fr\/?page_id=145"},"modified":"2017-09-29T15:33:03","modified_gmt":"2017-09-29T13:33:03","slug":"credit","status":"publish","type":"page","link":"http:\/\/levayer.avocat.fr\/index.php\/credit\/","title":{"rendered":"Cr\u00e9dit"},"content":{"rendered":"<p>Les photographies utilis\u00e9es sur le site internet sont la propri\u00e9t\u00e9 de Barbara LEVAYER, toute reproduction m\u00eame partielle sans accords sera consid\u00e9r\u00e9 comme de la contrefa\u00e7on.<\/p>\n<p>Barbara LEVAYER est la directrice de la publication du site.<\/p>\n<p>*Tous les artistes dont parle le site, ne sont en aucun cas des clients ou des partenaires du cabinet et c&rsquo;est librement et sans contrepartie que le site du cabinet Barbara LEVAYER les mentionne.<\/p>\n<p>Les artistes et le \u0153uvres cit\u00e9s ne sont en aucun cas repr\u00e9sentatifs et associ\u00e9s aux id\u00e9es et aux sites des auteurs et toutes id\u00e9es politiques, religieuses ou autre ne sont en aucun cas repris par le cabinet, il s&rsquo;agit simplement pour le cabinet de faire d\u00e9couvrir \u00e0 ses clients des arts ou des artistes diff\u00e9rents.<\/p>\n","protected":false},"excerpt":{"rendered":"<p>Les photographies utilis\u00e9es sur le site internet sont la propri\u00e9t\u00e9 de Barbara LEVAYER, toute reproduction m\u00eame partielle sans accords sera consid\u00e9r\u00e9 comme de la contrefa\u00e7on. Barbara LEVAYER est la directrice [&hellip;]<\/p>\n","protected":false},"author":1,"featured_media":0,"parent":0,"menu_order":0,"comment_status":"closed","ping_status":"closed","template":"","meta":{"footnotes":""},"_links":{"self":[{"href":"http:\/\/levayer.avocat.fr\/index.php\/wp-json\/wp\/v2\/pages\/145"}],"collection":[{"href":"http:\/\/levayer.avocat.fr\/index.php\/wp-json\/wp\/v2\/pages"}],"about":[{"href":"http:\/\/levayer.avocat.fr\/index.php\/wp-json\/wp\/v2\/types\/page"}],"author":[{"embeddable":true,"href":"http:\/\/levayer.avocat.fr\/index.php\/wp-json\/wp\/v2\/users\/1"}],"replies":[{"embeddable":true,"href":"http:\/\/levayer.avocat.fr\/index.php\/wp-json\/wp\/v2\/comments?post=145"}],"version-history":[{"count":5,"href":"http:\/\/levayer.avocat.fr\/index.php\/wp-json\/wp\/v2\/pages\/145\/revisions"}],"predecessor-version":[{"id":324,"href":"http:\/\/levayer.avocat.fr\/index.php\/wp-json\/wp\/v2\/pages\/145\/revisions\/324"}],"wp:attachment":[{"href":"http:\/\/levayer.avocat.fr\/index.php\/wp-json\/wp\/v2\/media?parent=145"}],"curies":[{"name":"wp","href":"https:\/\/api.w.org\/{rel}","templated":true}]}}