{"id":2,"date":"2017-07-04T15:03:05","date_gmt":"2017-07-04T13:03:05","guid":{"rendered":"http:\/\/levayer.avocat.fr\/?page_id=2"},"modified":"2025-08-07T14:14:54","modified_gmt":"2025-08-07T12:14:54","slug":"le-cabinet","status":"publish","type":"page","link":"http:\/\/levayer.avocat.fr\/index.php\/le-cabinet\/","title":{"rendered":"Le Cabinet de Ma\u00eetre Barbara LEVAYER \u00e0 GAP"},"content":{"rendered":"<p><script>(function(w,d,s,l,i){w[l]=w[l]||[];w[l].push({'gtm.start':<br \/>\nnew Date().getTime(),event:'gtm.js'});var f=d.getElementsByTagName(s)[0],<br \/>\nj=d.createElement(s),dl=l!='dataLayer'?'&l='+l:'';j.async=true;j.src=<br \/>\n'https:\/\/www.googletagmanager.com\/gtm.js?id='+i+dl;f.parentNode.insertBefore(j,f);<br \/>\n})(window,document,'script','dataLayer','GTM-W649HVS');<\/script> <!-- End Google Tag Manager -->Le Cabinet de Ma\u00eetre Barbara LEVAYER accompagne et conseille au quotidien\u00a0:<\/p>\n<p style=\"text-align: justify;\">&#8211; des Particuliers<\/p>\n<p style=\"text-align: justify;\">&#8211; des Professionnels<\/p>\n<p style=\"text-align: justify;\">&#8211; des Soci\u00e9t\u00e9s en formation (start-up, autoentrepreneur, e-commer\u00e7ant\u2026)<\/p>\n<p style=\"text-align: justify;\">&#8211; des Soci\u00e9t\u00e9s existantes<\/p>\n<p style=\"text-align: justify;\">&#8211; des Salari\u00e9s<\/p>\n<p style=\"text-align: justify;\">&#8211; des Assur\u00e9s<\/p>\n<p>&#8211; les Galeries d&rsquo;Art, les soci\u00e9t\u00e9s d&rsquo;\u00e9dition&#8230;<\/p>\n<p style=\"text-align: justify;\">Le Cabinet intervient tant en amont de la cr\u00e9ation qu&rsquo;ensuite lors de d\u00e9cisions relatives \u00e0 la personne physique ou morale lors de son \u00e9volution.<\/p>\n<p style=\"text-align: justify;\">Le r\u00f4le du Cabinet est d\u2019anticiper et pr\u00e9venir les difficult\u00e9s que vous pourriez rencontrer et de vous accompagner lors du d\u00e9veloppement de l&rsquo;activit\u00e9 et cela \u00e0 chaque \u00e9tape.<\/p>\n<p>Votre avocat vous informera des risques et des obligations ainsi que des possibilit\u00e9s qui vous sont offertes.<\/p>\n<p style=\"text-align: justify;\">Le Cabinet assiste \u00e9galement ses clients lors des contentieux qui pourraient na\u00eetre devant les juridictions fran\u00e7aises (civiles, commerciales et p\u00e9nales).<\/p>\n<p style=\"text-align: justify;\">Vous pouvez nous rencontrer dans nos locaux ou les v\u00f4tres ou par la mise en place de vid\u00e9oconf\u00e9rence sur rendez-vous.<\/p>\n<p style=\"text-align: justify;\"><strong>Une gestion totalement d\u00e9mat\u00e9rialis\u00e9e des dossiers est possible \u00e0 la demande du client.<\/strong><\/p>\n<p style=\"text-align: justify;\"><u><strong>Votre Avocat:<\/strong> <\/u><strong><u>Barbara LEVAYER<\/u><\/strong><\/p>\n<p style=\"text-align: justify;\"><strong>Biographie<\/strong><\/p>\n<p style=\"text-align: justify;\">Barbara LEVAYER a effectu\u00e9 l\u2019ensemble de ses \u00e9tudes \u00e0 la Facult\u00e9 de Droit d\u2019Aix en Provence o\u00f9 elle a suivi un cursus en Droit des Affaires, qu\u2019elle a compl\u00e9t\u00e9 par un Master 2 en Droit de la Propri\u00e9t\u00e9 Intellectuelle et Nouvelles Technologies.<\/p>\n<p style=\"text-align: justify;\">En parall\u00e8le de ses \u00e9tudes de Droit, Barbara LEVAYER a obtenu une licence en Histoire de l\u2019Art \u00e0 l\u2019Universit\u00e9 Aix-Marseille I.<\/p>\n<p style=\"text-align: justify;\">Elle a int\u00e9gr\u00e9 l\u2019\u00c9cole des Avocats du Sud-Est en janvier 2012.<\/p>\n<p style=\"text-align: justify;\">Elle a ensuite pr\u00eat\u00e9 serment en janvier 2014 et s\u2019est inscrite au Barreau de Marseille et est depuis membre de la Commission Propri\u00e9t\u00e9 Intellectuelle du Barreau de Marseille.<\/p>\n<p style=\"text-align: justify;\">Barbara LEVAYER a travaill\u00e9 en collaboration avec plusieurs cabinets, principalement les cabinet AD&amp;PR et NOVALLIANCE AVOCATS.<\/p>\n<p style=\"text-align: justify;\">Enfin, Barbara LEVAYER est membres de l\u2019association JURISCUP qui organise chaque ann\u00e9e \u00ab <em>les Rencontres Internationales du Droit et de la Plaisance<\/em>\u00a0\u00bb.<\/p>\n<p>Barbara LEVAYER est avocate g\u00e9n\u00e9raliste intervenant sur plusieurs domaines de comp\u00e9tences.<\/p>\n<p><span style=\"border-radius: 2px; text-indent: 20px; width: auto; padding: 0px 4px 0px 0px; text-align: center; font: bold 11px\/20px 'Helvetica Neue',Helvetica,sans-serif; color: #ffffff; background: #bd081c no-repeat scroll 3px 50% \/ 14px 14px; position: absolute; opacity: 1; z-index: 8675309; display: none; cursor: pointer;\">Enregistrer<\/span><\/p>\n<p><span style=\"border-radius: 2px; text-indent: 20px; width: auto; padding: 0px 4px 0px 0px; text-align: center; font: bold 11px\/20px 'Helvetica Neue',Helvetica,sans-serif; color: #ffffff; background: #bd081c  no-repeat scroll 3px 50% \/ 14px 14px; position: absolute; opacity: 1; z-index: 8675309; display: none; cursor: pointer;\">Enregistrer<\/span><\/p>\n","protected":false},"excerpt":{"rendered":"<p>Le Cabinet de Ma\u00eetre Barbara LEVAYER accompagne et conseille au quotidien\u00a0: &#8211; des Particuliers &#8211; des Professionnels &#8211; des Soci\u00e9t\u00e9s en formation (start-up, autoentrepreneur, e-commer\u00e7ant\u2026) &#8211; des Soci\u00e9t\u00e9s existantes &#8211; [&hellip;]<\/p>\n","protected":false},"author":1,"featured_media":179,"parent":0,"menu_order":0,"comment_status":"closed","ping_status":"closed","template":"page-templates\/page_fullwidth.php","meta":{"footnotes":""},"_links":{"self":[{"href":"http:\/\/levayer.avocat.fr\/index.php\/wp-json\/wp\/v2\/pages\/2"}],"collection":[{"href":"http:\/\/levayer.avocat.fr\/index.php\/wp-json\/wp\/v2\/pages"}],"about":[{"href":"http:\/\/levayer.avocat.fr\/index.php\/wp-json\/wp\/v2\/types\/page"}],"author":[{"embeddable":true,"href":"http:\/\/levayer.avocat.fr\/index.php\/wp-json\/wp\/v2\/users\/1"}],"replies":[{"embeddable":true,"href":"http:\/\/levayer.avocat.fr\/index.php\/wp-json\/wp\/v2\/comments?post=2"}],"version-history":[{"count":34,"href":"http:\/\/levayer.avocat.fr\/index.php\/wp-json\/wp\/v2\/pages\/2\/revisions"}],"predecessor-version":[{"id":555,"href":"http:\/\/levayer.avocat.fr\/index.php\/wp-json\/wp\/v2\/pages\/2\/revisions\/555"}],"wp:featuredmedia":[{"embeddable":true,"href":"http:\/\/levayer.avocat.fr\/index.php\/wp-json\/wp\/v2\/media\/179"}],"wp:attachment":[{"href":"http:\/\/levayer.avocat.fr\/index.php\/wp-json\/wp\/v2\/media?parent=2"}],"curies":[{"name":"wp","href":"https:\/\/api.w.org\/{rel}","templated":true}]}}