{"id":40,"date":"2017-08-19T12:21:49","date_gmt":"2017-08-19T10:21:49","guid":{"rendered":"http:\/\/levayer.avocat.fr\/?page_id=40"},"modified":"2025-07-30T17:09:01","modified_gmt":"2025-07-30T15:09:01","slug":"contact","status":"publish","type":"page","link":"http:\/\/levayer.avocat.fr\/index.php\/contact\/","title":{"rendered":"Contact &#8211; Nous joindre"},"content":{"rendered":"\n<p><br><strong>T\u00e9l\u00e9phone<\/strong>:&nbsp; 06 77 09 60 43<\/p>\n\n\n\n<p><strong>Courriel<\/strong> : barbara.levayer@avocat.fr<\/p>\n\n\n\n<p><strong>Adresse postale <\/strong>: 32 rue CARNOT &#8211; 2\u00e8me \u00e9tage &#8211; 05000 GAP<\/p>\n\n\n\n<p><strong>Lieux de rendez-vous<\/strong>: Vous pouvez d\u00e9sormais me rencontrer sur <a href=\"https:\/\/www.google.com\/maps\/place\/1+Rue+Sainte-Marguerite,+05000+Gap\/@44.5573703,6.0797339,17z\/data=!3m1!4b1!4m5!3m4!1s0x12cb4012b7bf2825:0x3322f46154d44837!8m2!3d44.5573703!4d6.0797339\">Gap<\/a>, <a href=\"https:\/\/www.google.com\/maps\/place\/Barbara+LEVAYER\/@43.2700776,5.3897929,17z\/data=!3m1!4b1!4m5!3m4!1s0x12c9c7599870b527:0xad84392ea700567a!8m2!3d43.2700776!4d5.3919816\">Marseille centre ville,Marseille La Valentine,<\/a> <a href=\"https:\/\/www.google.com\/maps\/place\/Couronne+Urbaine,+13100+Aix-en-Provence\/@43.526428,5.4408183,17z\/data=!3m1!5s0x12c98d988c618f67:0x7edf0a3a429ad58c!4m12!1m6!3m5!1s0x12c98d98f6fea081:0x614ade6837700498!2sLes+All%C3%A9es+Proven%C3%A7ales!8m2!3d43.526428!4d5.443007!3m4!1s0x12c98d988d526af7:0x402f01e6373aa436!8m2!3d43.5259998!4d5.4428116\">Aix-en Provence<\/a>, <a href=\"https:\/\/www.google.com\/maps\/place\/Mairie+de+Lambesc\/@43.6550513,5.2600447,17z\/data=!4m12!1m6!3m5!1s0x12c9f7c94e4c6b99:0xcbd0c5833fcc5e7!2sMairie+de+Lambesc!8m2!3d43.6550513!4d5.2622334!3m4!1s0x12c9f7c94e4c6b99:0xcbd0c5833fcc5e7!8m2!3d43.6550513!4d5.2622334\">Lambesc&nbsp;<\/a><\/p>\n\n\n\n<p>Pour les professionnels un d\u00e9placement sur site est possible<\/p>\n\n\n\n<p>Vous pouvez \u00e9galement joindre le cabinet via <a href=\"https:\/\/consultation.avocat.fr\/\">https:\/\/consultation.avocat.fr<\/a><\/p>\n\n\n\n<p><span style=\"border-radius: 2px; text-indent: 20px; width: auto; padding: 0px 4px 0px 0px; text-align: center; font: bold 11px\/20px 'Helvetica Neue',Helvetica,sans-serif; color: #ffffff; background: #bd081c no-repeat scroll 3px 50% \/ 14px 14px; position: absolute; opacity: 1; z-index: 8675309; display: none; cursor: pointer;\">Enregistrer<\/span><\/p>\n\n\n\n<p><span style=\"border-radius: 2px; text-indent: 20px; width: auto; padding: 0px 4px 0px 0px; text-align: center; font: bold 11px\/20px 'Helvetica Neue',Helvetica,sans-serif; color: #ffffff; background: #bd081c no-repeat scroll 3px 50% \/ 14px 14px; position: absolute; opacity: 1; z-index: 8675309; display: none; cursor: pointer;\">Enregistrer<\/span><\/p>\n","protected":false},"excerpt":{"rendered":"<p>T\u00e9l\u00e9phone:&nbsp; 06 77 09 60 43 Courriel : barbara.levayer@avocat.fr Adresse postale : 32 rue CARNOT &#8211; 2\u00e8me \u00e9tage &#8211; 05000 GAP Lieux de rendez-vous: Vous pouvez d\u00e9sormais me rencontrer sur [&hellip;]<\/p>\n","protected":false},"author":1,"featured_media":0,"parent":0,"menu_order":0,"comment_status":"closed","ping_status":"closed","template":"page-templates\/single-client.php","meta":{"footnotes":""},"_links":{"self":[{"href":"http:\/\/levayer.avocat.fr\/index.php\/wp-json\/wp\/v2\/pages\/40"}],"collection":[{"href":"http:\/\/levayer.avocat.fr\/index.php\/wp-json\/wp\/v2\/pages"}],"about":[{"href":"http:\/\/levayer.avocat.fr\/index.php\/wp-json\/wp\/v2\/types\/page"}],"author":[{"embeddable":true,"href":"http:\/\/levayer.avocat.fr\/index.php\/wp-json\/wp\/v2\/users\/1"}],"replies":[{"embeddable":true,"href":"http:\/\/levayer.avocat.fr\/index.php\/wp-json\/wp\/v2\/comments?post=40"}],"version-history":[{"count":19,"href":"http:\/\/levayer.avocat.fr\/index.php\/wp-json\/wp\/v2\/pages\/40\/revisions"}],"predecessor-version":[{"id":548,"href":"http:\/\/levayer.avocat.fr\/index.php\/wp-json\/wp\/v2\/pages\/40\/revisions\/548"}],"wp:attachment":[{"href":"http:\/\/levayer.avocat.fr\/index.php\/wp-json\/wp\/v2\/media?parent=40"}],"curies":[{"name":"wp","href":"https:\/\/api.w.org\/{rel}","templated":true}]}}