{"id":47,"date":"2017-08-19T12:23:42","date_gmt":"2017-08-19T10:23:42","guid":{"rendered":"http:\/\/levayer.avocat.fr\/?page_id=47"},"modified":"2025-08-07T14:29:04","modified_gmt":"2025-08-07T12:29:04","slug":"competences","status":"publish","type":"page","link":"http:\/\/levayer.avocat.fr\/index.php\/activites\/competences\/","title":{"rendered":"Comp\u00e9tences"},"content":{"rendered":"\n<p><span style=\"color: #99cc00;\"><strong><u>Droit des Affaires:<\/u><\/strong><\/span><\/p>\n\n\n\n<ul>\n<li>Droit des contrats<\/li>\n\n\n\n<li>Cession fonds de commerce<\/li>\n\n\n\n<li>Constitution et vie de la soci\u00e9t\u00e9<\/li>\n<\/ul>\n\n\n\n<p><span style=\"color: #99cc00;\"><strong><u>Droit des Assurances&nbsp;:<\/u><\/strong><\/span><\/p>\n\n\n\n<ul>\n<li>Assurance corporelle (accident de la route)<\/li>\n\n\n\n<li>Assurance de bien et de travaux<\/li>\n\n\n\n<li>Responsabilit\u00e9 m\u00e9dicale<\/li>\n<\/ul>\n\n\n\n<p><span style=\"color: #99cc00;\"><strong><u>Droit Civil&nbsp;:<\/u><\/strong><\/span><\/p>\n\n\n\n<ul>\n<li>Contentieux locatifs<\/li>\n\n\n\n<li>Droit de la famille (garde d&rsquo;enfant, adoption &#8230;)<\/li>\n\n\n\n<li>Divorce par consentement mutuel<\/li>\n<\/ul>\n\n\n\n<p><span style=\"color: #99cc00;\"><strong>Droit Social<\/strong><strong>:<\/strong><\/span><\/p>\n\n\n\n<ul>\n<li>Licenciement<\/li>\n\n\n\n<li>Rupture conventionnelle<\/li>\n\n\n\n<li>Contestation mobilit\u00e9<\/li>\n<\/ul>\n\n\n\n<p><span style=\"color: #99cc00;\"><strong>Droit P\u00e9nal:<\/strong><\/span><\/p>\n\n\n\n<ul>\n<li>Droit p\u00e9nal d&rsquo;urgence<\/li>\n\n\n\n<li>Contentieux p\u00e9nal<\/li>\n\n\n\n<li>R\u00e9daction de plainte<\/li>\n<\/ul>\n\n\n\n<p><span style=\"color: #99cc00;\"><strong><u>Propri\u00e9t\u00e9 Litt\u00e9raire et Artistique<\/u><\/strong><\/span><\/p>\n\n\n\n<ul>\n<li>Action et d\u00e9fense d\u2019action en contrefa\u00e7on<\/li>\n\n\n\n<li>Accompagnement dans la protection des cr\u00e9ations<\/li>\n\n\n\n<li>Accompagnement dans le choix des signes distinctifs<\/li>\n\n\n\n<li>Marque : recherches d\u2019ant\u00e9riorit\u00e9, d\u00e9p\u00f4t, suivi de l\u2019enregistrement, proc\u00e9dure d\u2019opposition, gestion de portefeuille et strat\u00e9gie, etc.<\/li>\n\n\n\n<li>Dessins ou mod\u00e8les : d\u00e9p\u00f4t, enregistrement, gestion de portefeuille, etc.<\/li>\n\n\n\n<li>R\u00e9daction de contrat de cession ou de licence de logiciel, bases de donn\u00e9es, droit d\u2019auteur, de marques, sites internet,\u2026<\/li>\n\n\n\n<li>Accompagnement et r\u00e9daction d\u2019actes relatifs \u00e0 la cr\u00e9ation du salari\u00e9<\/li>\n<\/ul>\n\n\n\n<p><span style=\"color: #99cc00;\"><strong><u>Nouvelles Technologies<\/u><\/strong><\/span><\/p>\n\n\n\n<ul>\n<li>E-commerce et notamment assistance des e-commer\u00e7ants<\/li>\n\n\n\n<li>Responsabilit\u00e9 sp\u00e9cifiques aux Nouvelles technologies<\/li>\n\n\n\n<li>Noms de domaine<\/li>\n\n\n\n<li>Accompagnement d\u00e9p\u00f4t de brevet<\/li>\n\n\n\n<li>R\u00e9daction de contrat de cession ou de licence de nom de domaine, de site internet<\/li>\n\n\n\n<li>R\u00e9daction de contrat de cr\u00e9ation d\u2019application, de site internet et de logiciel<\/li>\n\n\n\n<li>Accompagnement et r\u00e9daction d\u2019actes relatifs \u00e0 la cr\u00e9ation du salari\u00e9<\/li>\n\n\n\n<li>E-r\u00e9putation<\/li>\n\n\n\n<li>Gestion des donn\u00e9es personnelles<\/li>\n<\/ul>\n\n\n<div class=\"wp-block-image\">\n<figure class=\"aligncenter\"><img loading=\"lazy\" decoding=\"async\" src=\"https:\/\/i1.wp.com\/levayer.avocat.fr\/wp-content\/uploads\/2017\/08\/20170929_145538-2.jpg?resize=150%2C150\" alt=\"\" class=\"wp-image-317\" srcset=\"https:\/\/i1.wp.com\/levayer.avocat.fr\/wp-content\/uploads\/2017\/08\/20170929_145538-2.jpg?resize=150%2C150 150w, https:\/\/i1.wp.com\/levayer.avocat.fr\/wp-content\/uploads\/2017\/08\/20170929_145538-2.jpg?zoom=2&amp;resize=150%2C150 300w, https:\/\/i1.wp.com\/levayer.avocat.fr\/wp-content\/uploads\/2017\/08\/20170929_145538-2.jpg?zoom=3&amp;resize=150%2C150 450w\" sizes=\"(max-width: 150px) 100vw, 150px\" data-recalc-dims=\"1\" \/><\/figure><\/div>\n\n\n<p><span style=\"border-radius: 2px; text-indent: 20px; width: auto; padding: 0px 4px 0px 0px; text-align: center; font: bold 11px\/20px 'Helvetica Neue',Helvetica,sans-serif; color: #ffffff; background: #bd081c no-repeat scroll 3px 50% \/ 14px 14px; position: absolute; opacity: 1; z-index: 8675309; display: none; cursor: pointer;\">Enregistrer<\/span><\/p>\n\n\n\n<p><span style=\"border-radius: 2px; text-indent: 20px; width: auto; padding: 0px 4px 0px 0px; text-align: center; font: bold 11px\/20px 'Helvetica Neue',Helvetica,sans-serif; color: #ffffff; background: #bd081c no-repeat scroll 3px 50% \/ 14px 14px; position: absolute; opacity: 1; z-index: 8675309; display: none; cursor: pointer;\">Enregistrer<\/span><\/p>\n\n\n\n<p><span style=\"border-radius: 2px; text-indent: 20px; width: auto; padding: 0px 4px 0px 0px; text-align: center; font: bold 11px\/20px 'Helvetica Neue',Helvetica,sans-serif; color: #ffffff; background: #bd081c  no-repeat scroll 3px 50% \/ 14px 14px; position: absolute; opacity: 1; z-index: 8675309; display: none; cursor: pointer;\">Enregistrer<\/span><\/p>\n","protected":false},"excerpt":{"rendered":"<p>Droit des Affaires: Droit des Assurances&nbsp;: Droit Civil&nbsp;: Droit Social: Droit P\u00e9nal: Propri\u00e9t\u00e9 Litt\u00e9raire et Artistique Nouvelles Technologies Enregistrer Enregistrer Enregistrer<\/p>\n","protected":false},"author":1,"featured_media":0,"parent":45,"menu_order":0,"comment_status":"closed","ping_status":"closed","template":"","meta":{"footnotes":""},"_links":{"self":[{"href":"http:\/\/levayer.avocat.fr\/index.php\/wp-json\/wp\/v2\/pages\/47"}],"collection":[{"href":"http:\/\/levayer.avocat.fr\/index.php\/wp-json\/wp\/v2\/pages"}],"about":[{"href":"http:\/\/levayer.avocat.fr\/index.php\/wp-json\/wp\/v2\/types\/page"}],"author":[{"embeddable":true,"href":"http:\/\/levayer.avocat.fr\/index.php\/wp-json\/wp\/v2\/users\/1"}],"replies":[{"embeddable":true,"href":"http:\/\/levayer.avocat.fr\/index.php\/wp-json\/wp\/v2\/comments?post=47"}],"version-history":[{"count":18,"href":"http:\/\/levayer.avocat.fr\/index.php\/wp-json\/wp\/v2\/pages\/47\/revisions"}],"predecessor-version":[{"id":560,"href":"http:\/\/levayer.avocat.fr\/index.php\/wp-json\/wp\/v2\/pages\/47\/revisions\/560"}],"up":[{"embeddable":true,"href":"http:\/\/levayer.avocat.fr\/index.php\/wp-json\/wp\/v2\/pages\/45"}],"wp:attachment":[{"href":"http:\/\/levayer.avocat.fr\/index.php\/wp-json\/wp\/v2\/media?parent=47"}],"curies":[{"name":"wp","href":"https:\/\/api.w.org\/{rel}","templated":true}]}}